{"id":2153,"date":"2020-03-25T03:34:00","date_gmt":"2020-03-25T03:34:00","guid":{"rendered":"https:\/\/helpocharity.artureanec.com\/?page_id=32"},"modified":"2025-02-11T11:59:41","modified_gmt":"2025-02-11T11:59:41","slug":"events","status":"publish","type":"page","link":"https:\/\/lvdamalika.sn\/index.php\/events\/","title":{"rendered":"Events"},"content":{"rendered":"\t\t<div data-elementor-type=\"wp-page\" data-elementor-id=\"2153\" class=\"elementor elementor-2153\">\n\t\t\t\t\t\t<section class=\"elementor-section elementor-top-section elementor-element elementor-element-721d812b elementor-section-stretched elementor-section-boxed elementor-section-height-default elementor-section-height-default\" data-id=\"721d812b\" data-element_type=\"section\" data-settings=\"{&quot;stretch_section&quot;:&quot;section-stretched&quot;,&quot;background_background&quot;:&quot;classic&quot;}\">\n\t\t\t\t\t\t\t<div class=\"elementor-background-overlay\"><\/div>\n\t\t\t\t\t\t\t<div class=\"elementor-container elementor-column-gap-default\">\n\t\t\t\t\t<div class=\"elementor-column elementor-col-100 elementor-top-column elementor-element elementor-element-4349f448\" data-id=\"4349f448\" data-element_type=\"column\">\n\t\t\t<div class=\"elementor-widget-wrap elementor-element-populated\">\n\t\t\t\t\t\t<div class=\"elementor-element elementor-element-7a565826 elementor-widget elementor-widget-helpo_events_listing\" data-id=\"7a565826\" data-element_type=\"widget\" data-widget_type=\"helpo_events_listing.default\">\n\t\t\t\t<div class=\"elementor-widget-container\">\n\t\t\t\t\t\n        <div class=\"helpo_events_listing_widget\">\n            <div class=\"helpo_events_listing_wrapper\">\n                <div class=\"row\">\n                    \n                        <div class=\"helpo_event_listing_item col-xl-10 offset-xl-1\">\n                            <div class=\"upcoming-item\">\n                                <div class=\"upcoming-item__date\">\n                                    <span>04<\/span>\n                                    <span>F\u00e9v, 25<\/span>\n                                <\/div>\n\n                                <div class=\"upcoming-item__body\">\n                                    <div class=\"row align-items-center\">\n                                        <div class=\"col-lg-5 col-xl-4\">\n                                            <div class=\"upcoming-item__img\">\n                                                <img decoding=\"async\" src=\"https:\/\/lvdamalika.sn\/wp-content\/uploads\/2025\/02\/group-happy-african-volunteers-with-garbage-bags-cleaning-area-park-africa-volunteering-charity-people-ecology-concept-scaled-640x546.jpg\" alt=\"\" \/>\n                                            <\/div>\n                                        <\/div>\n\n                                        <div class=\"col-lg-7 col-xl-8\">\n                                            <div class=\"upcoming-item__description\">\n                                                <h6 class=\"upcoming-item__title\">\n                                                    <a href=\"https:\/\/lvdamalika.sn\/index.php\/events\/yessal-malika\/\">Yessal Malika<\/a>\n                                                <\/h6>\n\n                                                <p class=\"helpo_excerpt\">Ce programme constitue la premi\u00e8re \u00e9tape d\u2019une initiative visant \u00e0 mettre en lumi\u00e8re les atouts \u00e9conomiques, environnementaux et culturels des 34 quartiers de la commune<\/p>\n\n                                                <div class=\"upcoming-item__details\">\n                                                                                                            <p class=\"helpo_event_date\">\n                                                            <svg class=\"icon\">\n                                                                <svg viewBox=\"0 0 488.878 488.878\" id=\"check-39410\" xmlns=\"http:\/\/www.w3.org\/2000\/svg\"><path d=\"M143.294 340.058l-92.457-92.456L0 298.439l122.009 122.008.14-.141 22.274 22.274L488.878 98.123l-51.823-51.825z\"\/><\/svg>\n                                                            <\/svg>\n                                                            15 F\u00e9vrier 2025                                                        <\/p>\n                                                                                                                <p class=\"helpo_event_time\">\n                                                            <svg class=\"icon\">\n                                                                <svg fill=\"none\" stroke-width=\"2\" stroke-linecap=\"round\" stroke-linejoin=\"round\" class=\"ahfeather ahfeather-clock\" viewBox=\"0 0 24 24\" id=\"clock-76688\" xmlns=\"http:\/\/www.w3.org\/2000\/svg\"><circle cx=\"12\" cy=\"12\" r=\"10\"\/><path d=\"M12 6v6l4 2\"\/><\/svg>\n                                                            <\/svg>\n                                                            08h - 17h                                                        <\/p>\n                                                                                                                <p class=\"helpo_event_address\">\n                                                            <svg class=\"icon\">\n                                                                <svg fill=\"none\" stroke-width=\"2\" stroke-linecap=\"round\" stroke-linejoin=\"round\" class=\"aufeather aufeather-map-pin\" viewBox=\"0 0 24 24\" id=\"placeholder-28777\" xmlns=\"http:\/\/www.w3.org\/2000\/svg\"><path d=\"M21 10c0 7-9 13-9 13s-9-6-9-13a9 9 0 0118 0z\"\/><circle cx=\"12\" cy=\"10\" r=\"3\"\/><\/svg>\n                                                            <\/svg>\n                                                            La salle de d\u00e9lib\u00e9ration de la mairie de Malika , DAKAR                                                        <\/p>\n                                                                                                        <\/div>\n                                            <\/div>\n                                        <\/div>\n                                    <\/div>\n                                <\/div>\n                            <\/div>\n                        <\/div>\n                                        <\/div>\n            <\/div>\n\n                            <div class=\"helpo_pagination\">\n                                    <\/div>\n                        <\/div>\n        \t\t\t\t<\/div>\n\t\t\t\t<\/div>\n\t\t\t\t\t<\/div>\n\t\t<\/div>\n\t\t\t\t\t<\/div>\n\t\t<\/section>\n\t\t\t\t<\/div>\n\t\t","protected":false},"excerpt":{"rendered":"","protected":false},"author":1,"featured_media":131,"parent":0,"menu_order":0,"comment_status":"closed","ping_status":"closed","template":"","meta":{"_monsterinsights_skip_tracking":false,"_monsterinsights_sitenote_active":false,"_monsterinsights_sitenote_note":"","_monsterinsights_sitenote_category":0,"footnotes":""},"class_list":["post-2153","page","type-page","status-publish","has-post-thumbnail","hentry"],"yoast_head":"<!-- This site is optimized with the Yoast SEO plugin v24.3 - https:\/\/yoast.com\/wordpress\/plugins\/seo\/ -->\n<title>Events - LVDA<\/title>\n<meta name=\"robots\" content=\"index, follow, max-snippet:-1, max-image-preview:large, max-video-preview:-1\" \/>\n<link rel=\"canonical\" href=\"https:\/\/lvdamalika.sn\/index.php\/events\/\" \/>\n<meta property=\"og:locale\" content=\"fr_FR\" \/>\n<meta property=\"og:type\" content=\"article\" \/>\n<meta property=\"og:title\" content=\"Events - LVDA\" \/>\n<meta property=\"og:url\" content=\"https:\/\/lvdamalika.sn\/index.php\/events\/\" \/>\n<meta property=\"og:site_name\" content=\"LVDA\" \/>\n<meta property=\"article:modified_time\" content=\"2025-02-11T11:59:41+00:00\" \/>\n<meta property=\"og:image\" content=\"https:\/\/lvdamalika.sn\/wp-content\/uploads\/2025\/02\/cropped-logo-removebg-preview.png\" \/>\n\t<meta property=\"og:image:width\" content=\"512\" \/>\n\t<meta property=\"og:image:height\" content=\"512\" \/>\n\t<meta property=\"og:image:type\" content=\"image\/png\" \/>\n<meta name=\"twitter:card\" content=\"summary_large_image\" \/>\n<script type=\"application\/ld+json\" class=\"yoast-schema-graph\">{\"@context\":\"https:\/\/schema.org\",\"@graph\":[{\"@type\":\"WebPage\",\"@id\":\"https:\/\/lvdamalika.sn\/index.php\/events\/\",\"url\":\"https:\/\/lvdamalika.sn\/index.php\/events\/\",\"name\":\"Events - LVDA\",\"isPartOf\":{\"@id\":\"https:\/\/lvdamalika.sn\/#website\"},\"primaryImageOfPage\":{\"@id\":\"https:\/\/lvdamalika.sn\/index.php\/events\/#primaryimage\"},\"image\":{\"@id\":\"https:\/\/lvdamalika.sn\/index.php\/events\/#primaryimage\"},\"thumbnailUrl\":\"\",\"datePublished\":\"2020-03-25T03:34:00+00:00\",\"dateModified\":\"2025-02-11T11:59:41+00:00\",\"breadcrumb\":{\"@id\":\"https:\/\/lvdamalika.sn\/index.php\/events\/#breadcrumb\"},\"inLanguage\":\"fr-FR\",\"potentialAction\":[{\"@type\":\"ReadAction\",\"target\":[\"https:\/\/lvdamalika.sn\/index.php\/events\/\"]}]},{\"@type\":\"ImageObject\",\"inLanguage\":\"fr-FR\",\"@id\":\"https:\/\/lvdamalika.sn\/index.php\/events\/#primaryimage\",\"url\":\"\",\"contentUrl\":\"\"},{\"@type\":\"BreadcrumbList\",\"@id\":\"https:\/\/lvdamalika.sn\/index.php\/events\/#breadcrumb\",\"itemListElement\":[{\"@type\":\"ListItem\",\"position\":1,\"name\":\"Accueil\",\"item\":\"https:\/\/lvdamalika.sn\/\"},{\"@type\":\"ListItem\",\"position\":2,\"name\":\"Events\"}]},{\"@type\":\"WebSite\",\"@id\":\"https:\/\/lvdamalika.sn\/#website\",\"url\":\"https:\/\/lvdamalika.sn\/\",\"name\":\"LVDA\",\"description\":\"\",\"publisher\":{\"@id\":\"https:\/\/lvdamalika.sn\/#organization\"},\"potentialAction\":[{\"@type\":\"SearchAction\",\"target\":{\"@type\":\"EntryPoint\",\"urlTemplate\":\"https:\/\/lvdamalika.sn\/?s={search_term_string}\"},\"query-input\":{\"@type\":\"PropertyValueSpecification\",\"valueRequired\":true,\"valueName\":\"search_term_string\"}}],\"inLanguage\":\"fr-FR\"},{\"@type\":\"Organization\",\"@id\":\"https:\/\/lvdamalika.sn\/#organization\",\"name\":\"LVDA\",\"url\":\"https:\/\/lvdamalika.sn\/\",\"logo\":{\"@type\":\"ImageObject\",\"inLanguage\":\"fr-FR\",\"@id\":\"https:\/\/lvdamalika.sn\/#\/schema\/logo\/image\/\",\"url\":\"https:\/\/lvdamalika.sn\/wp-content\/uploads\/2025\/02\/cropped-logo-removebg-preview.png\",\"contentUrl\":\"https:\/\/lvdamalika.sn\/wp-content\/uploads\/2025\/02\/cropped-logo-removebg-preview.png\",\"width\":512,\"height\":512,\"caption\":\"LVDA\"},\"image\":{\"@id\":\"https:\/\/lvdamalika.sn\/#\/schema\/logo\/image\/\"}}]}<\/script>\n<!-- \/ Yoast SEO plugin. -->","yoast_head_json":{"title":"Events - LVDA","robots":{"index":"index","follow":"follow","max-snippet":"max-snippet:-1","max-image-preview":"max-image-preview:large","max-video-preview":"max-video-preview:-1"},"canonical":"https:\/\/lvdamalika.sn\/index.php\/events\/","og_locale":"fr_FR","og_type":"article","og_title":"Events - LVDA","og_url":"https:\/\/lvdamalika.sn\/index.php\/events\/","og_site_name":"LVDA","article_modified_time":"2025-02-11T11:59:41+00:00","og_image":[{"width":512,"height":512,"url":"https:\/\/lvdamalika.sn\/wp-content\/uploads\/2025\/02\/cropped-logo-removebg-preview.png","type":"image\/png"}],"twitter_card":"summary_large_image","schema":{"@context":"https:\/\/schema.org","@graph":[{"@type":"WebPage","@id":"https:\/\/lvdamalika.sn\/index.php\/events\/","url":"https:\/\/lvdamalika.sn\/index.php\/events\/","name":"Events - LVDA","isPartOf":{"@id":"https:\/\/lvdamalika.sn\/#website"},"primaryImageOfPage":{"@id":"https:\/\/lvdamalika.sn\/index.php\/events\/#primaryimage"},"image":{"@id":"https:\/\/lvdamalika.sn\/index.php\/events\/#primaryimage"},"thumbnailUrl":"","datePublished":"2020-03-25T03:34:00+00:00","dateModified":"2025-02-11T11:59:41+00:00","breadcrumb":{"@id":"https:\/\/lvdamalika.sn\/index.php\/events\/#breadcrumb"},"inLanguage":"fr-FR","potentialAction":[{"@type":"ReadAction","target":["https:\/\/lvdamalika.sn\/index.php\/events\/"]}]},{"@type":"ImageObject","inLanguage":"fr-FR","@id":"https:\/\/lvdamalika.sn\/index.php\/events\/#primaryimage","url":"","contentUrl":""},{"@type":"BreadcrumbList","@id":"https:\/\/lvdamalika.sn\/index.php\/events\/#breadcrumb","itemListElement":[{"@type":"ListItem","position":1,"name":"Accueil","item":"https:\/\/lvdamalika.sn\/"},{"@type":"ListItem","position":2,"name":"Events"}]},{"@type":"WebSite","@id":"https:\/\/lvdamalika.sn\/#website","url":"https:\/\/lvdamalika.sn\/","name":"LVDA","description":"","publisher":{"@id":"https:\/\/lvdamalika.sn\/#organization"},"potentialAction":[{"@type":"SearchAction","target":{"@type":"EntryPoint","urlTemplate":"https:\/\/lvdamalika.sn\/?s={search_term_string}"},"query-input":{"@type":"PropertyValueSpecification","valueRequired":true,"valueName":"search_term_string"}}],"inLanguage":"fr-FR"},{"@type":"Organization","@id":"https:\/\/lvdamalika.sn\/#organization","name":"LVDA","url":"https:\/\/lvdamalika.sn\/","logo":{"@type":"ImageObject","inLanguage":"fr-FR","@id":"https:\/\/lvdamalika.sn\/#\/schema\/logo\/image\/","url":"https:\/\/lvdamalika.sn\/wp-content\/uploads\/2025\/02\/cropped-logo-removebg-preview.png","contentUrl":"https:\/\/lvdamalika.sn\/wp-content\/uploads\/2025\/02\/cropped-logo-removebg-preview.png","width":512,"height":512,"caption":"LVDA"},"image":{"@id":"https:\/\/lvdamalika.sn\/#\/schema\/logo\/image\/"}}]}},"_links":{"self":[{"href":"https:\/\/lvdamalika.sn\/index.php\/wp-json\/wp\/v2\/pages\/2153","targetHints":{"allow":["GET"]}}],"collection":[{"href":"https:\/\/lvdamalika.sn\/index.php\/wp-json\/wp\/v2\/pages"}],"about":[{"href":"https:\/\/lvdamalika.sn\/index.php\/wp-json\/wp\/v2\/types\/page"}],"author":[{"embeddable":true,"href":"https:\/\/lvdamalika.sn\/index.php\/wp-json\/wp\/v2\/users\/1"}],"replies":[{"embeddable":true,"href":"https:\/\/lvdamalika.sn\/index.php\/wp-json\/wp\/v2\/comments?post=2153"}],"version-history":[{"count":3,"href":"https:\/\/lvdamalika.sn\/index.php\/wp-json\/wp\/v2\/pages\/2153\/revisions"}],"predecessor-version":[{"id":2508,"href":"https:\/\/lvdamalika.sn\/index.php\/wp-json\/wp\/v2\/pages\/2153\/revisions\/2508"}],"wp:featuredmedia":[{"embeddable":true,"href":"https:\/\/lvdamalika.sn\/index.php\/wp-json\/"}],"wp:attachment":[{"href":"https:\/\/lvdamalika.sn\/index.php\/wp-json\/wp\/v2\/media?parent=2153"}],"curies":[{"name":"wp","href":"https:\/\/api.w.org\/{rel}","templated":true}]}}